{"id":110,"date":"2021-08-31T15:17:37","date_gmt":"2021-08-31T13:17:37","guid":{"rendered":"http:\/\/www.gebirgsverein.at\/spenden\/?page_id=110"},"modified":"2021-08-31T15:24:19","modified_gmt":"2021-08-31T13:24:19","slug":"das-oesterr-erbrecht","status":"publish","type":"page","link":"http:\/\/www.gebirgsverein.at\/spenden\/testamentsspenden\/das-oesterr-erbrecht\/das-oesterr-erbrecht\/","title":{"rendered":"Das eigenh\u00e4ndige Testament"},"content":{"rendered":"\n<h4 class=\"wp-block-heading\">Das eigenh\u00e4ndige Testament<\/h4>\n\n\n\n<p>Beim eigenh\u00e4ndigen Testament muss der gesamte Text von Ihnen per Hand geschrieben und am Ende der Seite unterschrieben sein. Am besten ist es, Sie unterschreiben mit Vor- und Zunamen. Hat Ihr Testament mehrere Seiten, so ist es ratsam, jedes einzelne Blatt zu unterschreiben, damit alle Seiten wirksam werden. Auch Korrekturen oder Erg\u00e4nzungen m\u00fcssen unterschrieben werden! Es ist zu empfehlen, dem Text auch ein Datum anzuf\u00fcgen. Bei einem eigenh\u00e4ndigen Testament werden keine Zeugen ben\u00f6tigt.<\/p>\n","protected":false},"excerpt":{"rendered":"<p>Das eigenh\u00e4ndige Testament Beim eigenh\u00e4ndigen Testament muss der gesamte Text von Ihnen per Hand geschrieben und am Ende der Seite unterschrieben sein. Am besten ist es, Sie unterschreiben mit Vor- und Zunamen. Hat Ihr Testament mehrere Seiten, so ist es ratsam, jedes einzelne Blatt zu unterschreiben, damit alle Seiten wirksam werden. Auch Korrekturen oder Erg\u00e4nzungen [&hellip;]<\/p>\n","protected":false},"author":1,"featured_media":103,"parent":102,"menu_order":0,"comment_status":"closed","ping_status":"closed","template":"","meta":{"footnotes":""},"class_list":["post-110","page","type-page","status-publish","has-post-thumbnail","hentry"],"_links":{"self":[{"href":"http:\/\/www.gebirgsverein.at\/spenden\/wp-json\/wp\/v2\/pages\/110","targetHints":{"allow":["GET"]}}],"collection":[{"href":"http:\/\/www.gebirgsverein.at\/spenden\/wp-json\/wp\/v2\/pages"}],"about":[{"href":"http:\/\/www.gebirgsverein.at\/spenden\/wp-json\/wp\/v2\/types\/page"}],"author":[{"embeddable":true,"href":"http:\/\/www.gebirgsverein.at\/spenden\/wp-json\/wp\/v2\/users\/1"}],"replies":[{"embeddable":true,"href":"http:\/\/www.gebirgsverein.at\/spenden\/wp-json\/wp\/v2\/comments?post=110"}],"version-history":[{"count":2,"href":"http:\/\/www.gebirgsverein.at\/spenden\/wp-json\/wp\/v2\/pages\/110\/revisions"}],"predecessor-version":[{"id":115,"href":"http:\/\/www.gebirgsverein.at\/spenden\/wp-json\/wp\/v2\/pages\/110\/revisions\/115"}],"up":[{"embeddable":true,"href":"http:\/\/www.gebirgsverein.at\/spenden\/wp-json\/wp\/v2\/pages\/102"}],"wp:featuredmedia":[{"embeddable":true,"href":"http:\/\/www.gebirgsverein.at\/spenden\/wp-json\/wp\/v2\/media\/103"}],"wp:attachment":[{"href":"http:\/\/www.gebirgsverein.at\/spenden\/wp-json\/wp\/v2\/media?parent=110"}],"curies":[{"name":"wp","href":"https:\/\/api.w.org\/{rel}","templated":true}]}}