{"id":2,"date":"2021-08-17T14:41:32","date_gmt":"2021-08-17T12:41:32","guid":{"rendered":"http:\/\/www.gebirgsverein.at\/spenden\/?page_id=2"},"modified":"2026-01-16T13:03:22","modified_gmt":"2026-01-16T12:03:22","slug":"aktuelles-projekt","status":"publish","type":"page","link":"http:\/\/www.gebirgsverein.at\/spenden\/aktuelles-projekt\/","title":{"rendered":"Das aktuelle Projekt"},"content":{"rendered":"\n<h3 class=\"wp-block-heading\" id=\"der-hutten-fonds-2022\">Eine Zukunft f\u00fcr das Schneealpenhaus &#8211; unser Zuhause am Berg.<\/h3>\n\n\n\n<div class=\"wp-block-buttons is-content-justification-right is-layout-flex wp-container-core-buttons-is-layout-765c4724 wp-block-buttons-is-layout-flex\">\n<div class=\"wp-block-button is-style-outline is-style-outline--1\"><a class=\"wp-block-button__link has-luminous-vivid-amber-background-color has-background has-text-align-right wp-element-button\" href=\"https:\/\/www.paypal.com\/donate\/?hosted_button_id=RUHQTGUKNYV4E\" target=\"_blank\" rel=\"noreferrer noopener\"><strong>Jetzt spenden &#8230;<\/strong><\/a><\/div>\n<\/div>\n\n\n<div class=\"wp-block-image is-style-default\">\n<figure class=\"alignleft size-full is-resized\"><img loading=\"lazy\" decoding=\"async\" width=\"672\" height=\"561\" src=\"https:\/\/www.gebirgsverein.at\/spenden\/wp-content\/uploads\/2025\/05\/Screenshot-2025-05-28-160110.png\" alt=\"\" class=\"wp-image-328\" style=\"width:415px;height:auto\" srcset=\"http:\/\/www.gebirgsverein.at\/spenden\/wp-content\/uploads\/2025\/05\/Screenshot-2025-05-28-160110.png 672w, http:\/\/www.gebirgsverein.at\/spenden\/wp-content\/uploads\/2025\/05\/Screenshot-2025-05-28-160110-300x250.png 300w\" sizes=\"auto, (max-width: 672px) 100vw, 672px\" \/><\/figure>\n<\/div>\n\n\n<p class=\"has-medium-font-size\">Wenn wir dieses Jahr am 13. Juli mit Musik und einer Bergmesse das hundertj\u00e4hrige Jubil\u00e4um des Schneealpenhauses feiern, ist das alles andere als selbstverst\u00e4ndlich. Noch im letzten Jahr sah es gar nicht so gut aus f\u00fcr die Schutzh\u00fctte am Schauerkogel der Schneealpe. Seit <strong>einem Jahrhundert bietet sie<\/strong> Wanderern, Bergsteigern und Naturliebhabern Gem\u00fctlichkeit, exzellente Schmankerln und vor allem <strong>Zuflucht bei schlechtem Wetter.<\/strong><br><\/p>\n\n\n\n<p class=\"has-medium-font-size\">Aufgrund diverser<strong> Sch\u00e4den am Stiegenaufgang, an T\u00fcren, dem Stromaggregat<\/strong> und den gar nicht mehr zeitgem\u00e4\u00dfen <strong>Toilettanlagen sowie weiteren M\u00e4ngeln<\/strong> drohte letztlich die Schlie\u00dfung des beliebten Schutzhauses. Deshalb haben wir im vergangenen Jahr bereits zu Spenden aufgerufen und Wichtiges, wie den morschen Stiegenaufgang provisorisch behoben. <\/p>\n\n\n\n<p class=\"has-medium-font-size\"><strong>Um das Haus f\u00fcr kommende Generationen zu bewahren ist eine Generalsanierung unausweichlich!<\/strong> Nach zahlreichen Planungen und genauen M\u00e4ngelerhebungen steht fest: Das 100-j\u00e4hrige Haus wird 2026 generalsaniert. Behutsam wird dabei der Charakter des Hauses erhalten bleiben, w\u00e4hrend Technik und Bausubstanz modernen Anforderungen an Umweltschutz, Arbeitsrecht, Sicherheit und Energieeffizienz angepasst werden.<\/p>\n\n\n\n<p class=\"has-medium-font-size\">Rund 250.000 Euro f\u00fcr die Sanierung von etwa einer Million Euro Gesamtkosten m\u00fcssen wir noch aufbringen, um unser Ziel zu erreichen. Schon vor 100 Jahren wurde die H\u00fctte mittels Spenden errichtet. Bitte helfen Sie heute mit Ihrer Spende, um den Fortbestand f\u00fcr die n\u00e4chsten 100 Jahre zu sichern. DANKE!<\/p>\n\n\n\n<p class=\"has-medium-font-size\"><\/p>\n\n\n\n<div class=\"wp-block-buttons is-layout-flex wp-block-buttons-is-layout-flex\">\n<div class=\"wp-block-button is-style-outline is-style-outline--2\"><a class=\"wp-block-button__link has-luminous-vivid-amber-background-color has-background wp-element-button\" href=\"https:\/\/www.paypal.com\/donate\/?hosted_button_id=RUHQTGUKNYV4E\" target=\"_blank\" rel=\"noreferrer noopener\"><strong>Jetzt spenden &#8230;<\/strong><\/a><\/div>\n<\/div>\n\n\n\n<p>Sie wollen Ihre Spende lieber \u00fcberweisen? Dann tun Sie das bitte auf unser Konto mit der IBAN AT06 1200 0100 1230 4951 bei der Unicredit Bank Austria und geben Sie als Verwendungszeck &#8222;Schneealpenhaus&#8220; an.<\/p>\n\n\n\n<div style=\"height:135px\" aria-hidden=\"true\" class=\"wp-block-spacer\"><\/div>\n","protected":false},"excerpt":{"rendered":"<p>Eine Zukunft f\u00fcr das Schneealpenhaus &#8211; unser Zuhause am Berg. Wenn wir dieses Jahr am 13. Juli mit Musik und einer Bergmesse das hundertj\u00e4hrige Jubil\u00e4um des Schneealpenhauses feiern, ist das alles andere als selbstverst\u00e4ndlich. Noch im letzten Jahr sah es gar nicht so gut aus f\u00fcr die Schutzh\u00fctte am Schauerkogel der Schneealpe. Seit einem Jahrhundert [&hellip;]<\/p>\n","protected":false},"author":1,"featured_media":297,"parent":0,"menu_order":0,"comment_status":"closed","ping_status":"open","template":"","meta":{"footnotes":""},"class_list":["post-2","page","type-page","status-publish","has-post-thumbnail","hentry"],"_links":{"self":[{"href":"http:\/\/www.gebirgsverein.at\/spenden\/wp-json\/wp\/v2\/pages\/2","targetHints":{"allow":["GET"]}}],"collection":[{"href":"http:\/\/www.gebirgsverein.at\/spenden\/wp-json\/wp\/v2\/pages"}],"about":[{"href":"http:\/\/www.gebirgsverein.at\/spenden\/wp-json\/wp\/v2\/types\/page"}],"author":[{"embeddable":true,"href":"http:\/\/www.gebirgsverein.at\/spenden\/wp-json\/wp\/v2\/users\/1"}],"replies":[{"embeddable":true,"href":"http:\/\/www.gebirgsverein.at\/spenden\/wp-json\/wp\/v2\/comments?post=2"}],"version-history":[{"count":69,"href":"http:\/\/www.gebirgsverein.at\/spenden\/wp-json\/wp\/v2\/pages\/2\/revisions"}],"predecessor-version":[{"id":430,"href":"http:\/\/www.gebirgsverein.at\/spenden\/wp-json\/wp\/v2\/pages\/2\/revisions\/430"}],"wp:featuredmedia":[{"embeddable":true,"href":"http:\/\/www.gebirgsverein.at\/spenden\/wp-json\/wp\/v2\/media\/297"}],"wp:attachment":[{"href":"http:\/\/www.gebirgsverein.at\/spenden\/wp-json\/wp\/v2\/media?parent=2"}],"curies":[{"name":"wp","href":"https:\/\/api.w.org\/{rel}","templated":true}]}}